{"id":471,"date":"2022-12-19T02:15:08","date_gmt":"2022-12-19T02:15:08","guid":{"rendered":"https:\/\/jcollindemers.com\/CrossFitStJean\/?page_id=471"},"modified":"2025-07-28T13:39:24","modified_gmt":"2025-07-28T13:39:24","slug":"horaire","status":"publish","type":"page","link":"https:\/\/www.crossfitstjean.com\/en\/horaire\/","title":{"rendered":"Schedule"},"content":{"rendered":"<div data-elementor-type=\"wp-page\" data-elementor-id=\"471\" class=\"elementor elementor-471\">\n\t\t\t\t\t\t<section class=\"elementor-section elementor-top-section elementor-element elementor-element-1d98fc3 elementor-section-full_width elementor-section-stretched elementor-section-height-default elementor-section-height-default\" data-id=\"1d98fc3\" data-element_type=\"section\" data-e-type=\"section\" data-settings=\"{&quot;stretch_section&quot;:&quot;section-stretched&quot;}\">\n\t\t\t\t\t\t<div class=\"elementor-container elementor-column-gap-default\">\n\t\t\t\t\t<div class=\"elementor-column elementor-col-100 elementor-top-column elementor-element elementor-element-973edc9\" data-id=\"973edc9\" data-element_type=\"column\" data-e-type=\"column\">\n\t\t\t<div class=\"elementor-widget-wrap elementor-element-populated\">\n\t\t\t\t\t\t<div class=\"elementor-element elementor-element-030a5a2 elementor-widget elementor-widget-heading\" data-id=\"030a5a2\" data-element_type=\"widget\" data-e-type=\"widget\" data-widget_type=\"heading.default\">\n\t\t\t\t<div class=\"elementor-widget-container\">\n\t\t\t\t\t<h1 class=\"elementor-heading-title elementor-size-default\">Weekly Schedule - CrossFit St-Jean<\/h1>\t\t\t\t<\/div>\n\t\t\t\t<\/div>\n\t\t\t\t<div class=\"elementor-element elementor-element-dbb477a elementor-widget elementor-widget-image\" data-id=\"dbb477a\" data-element_type=\"widget\" data-e-type=\"widget\" data-widget_type=\"image.default\">\n\t\t\t\t<div class=\"elementor-widget-container\">\n\t\t\t\t\t\t\t\t\t\t\t\t\t\t\t<img fetchpriority=\"high\" decoding=\"async\" width=\"1274\" height=\"562\" src=\"https:\/\/i0.wp.com\/www.crossfitstjean.com\/wp-content\/uploads\/2023\/11\/Horaire-v5.jpg?fit=1274%2C562&amp;ssl=1\" class=\"attachment-full size-full wp-image-625\" alt=\"\" srcset=\"https:\/\/i0.wp.com\/www.crossfitstjean.com\/wp-content\/uploads\/2023\/11\/Horaire-v5.jpg?w=1274&amp;ssl=1 1274w, https:\/\/i0.wp.com\/www.crossfitstjean.com\/wp-content\/uploads\/2023\/11\/Horaire-v5.jpg?resize=300%2C132&amp;ssl=1 300w, https:\/\/i0.wp.com\/www.crossfitstjean.com\/wp-content\/uploads\/2023\/11\/Horaire-v5.jpg?resize=1024%2C452&amp;ssl=1 1024w, https:\/\/i0.wp.com\/www.crossfitstjean.com\/wp-content\/uploads\/2023\/11\/Horaire-v5.jpg?resize=768%2C339&amp;ssl=1 768w, https:\/\/i0.wp.com\/www.crossfitstjean.com\/wp-content\/uploads\/2023\/11\/Horaire-v5.jpg?resize=18%2C8&amp;ssl=1 18w, https:\/\/i0.wp.com\/www.crossfitstjean.com\/wp-content\/uploads\/2023\/11\/Horaire-v5.jpg?resize=100%2C44&amp;ssl=1 100w, https:\/\/i0.wp.com\/www.crossfitstjean.com\/wp-content\/uploads\/2023\/11\/Horaire-v5.jpg?resize=150%2C66&amp;ssl=1 150w, https:\/\/i0.wp.com\/www.crossfitstjean.com\/wp-content\/uploads\/2023\/11\/Horaire-v5.jpg?resize=200%2C88&amp;ssl=1 200w, https:\/\/i0.wp.com\/www.crossfitstjean.com\/wp-content\/uploads\/2023\/11\/Horaire-v5.jpg?resize=450%2C199&amp;ssl=1 450w, https:\/\/i0.wp.com\/www.crossfitstjean.com\/wp-content\/uploads\/2023\/11\/Horaire-v5.jpg?resize=600%2C265&amp;ssl=1 600w, https:\/\/i0.wp.com\/www.crossfitstjean.com\/wp-content\/uploads\/2023\/11\/Horaire-v5.jpg?resize=900%2C397&amp;ssl=1 900w\" sizes=\"(max-width: 1140px) 100vw, 1140px\" \/>\t\t\t\t\t\t\t\t\t\t\t\t\t\t\t<\/div>\n\t\t\t\t<\/div>\n\t\t\t\t<div class=\"elementor-element elementor-element-d927c8c elementor-widget elementor-widget-heading\" data-id=\"d927c8c\" data-element_type=\"widget\" data-e-type=\"widget\" data-widget_type=\"heading.default\">\n\t\t\t\t<div class=\"elementor-widget-container\">\n\t\t\t\t\t<p class=\"elementor-heading-title elementor-size-default\"><a href=\"https:\/\/cfstjean.fliipapp.com\/home\/dashboard\">Voir le d\u00e9tails des heures de cours sur Fliip.<\/a><\/p>\t\t\t\t<\/div>\n\t\t\t\t<\/div>\n\t\t\t\t<div class=\"elementor-element elementor-element-6cacebc elementor-widget elementor-widget-heading\" data-id=\"6cacebc\" data-element_type=\"widget\" data-e-type=\"widget\" data-widget_type=\"heading.default\">\n\t\t\t\t<div class=\"elementor-widget-container\">\n\t\t\t\t\t<p class=\"elementor-heading-title elementor-size-default\">Note: Changes to the schedule for holidays are communicated ahead of time on the members group and reservation plateforme.<\/p>\t\t\t\t<\/div>\n\t\t\t\t<\/div>\n\t\t\t\t\t<\/div>\n\t\t<\/div>\n\t\t\t\t\t<\/div>\n\t\t<\/section>\n\t\t\t\t<section class=\"elementor-section elementor-top-section elementor-element elementor-element-5efb205e elementor-section-full_width elementor-section-stretched elementor-section-content-middle elementor-section-height-default elementor-section-height-default\" data-id=\"5efb205e\" data-element_type=\"section\" data-e-type=\"section\" data-settings=\"{&quot;stretch_section&quot;:&quot;section-stretched&quot;,&quot;background_background&quot;:&quot;classic&quot;}\">\n\t\t\t\t\t\t<div class=\"elementor-container elementor-column-gap-default\">\n\t\t\t\t\t<div class=\"elementor-column elementor-col-100 elementor-top-column elementor-element elementor-element-20c67633\" data-id=\"20c67633\" data-element_type=\"column\" data-e-type=\"column\">\n\t\t\t<div class=\"elementor-widget-wrap elementor-element-populated\">\n\t\t\t\t\t\t<section class=\"elementor-section elementor-inner-section elementor-element elementor-element-208cbc7b elementor-section-content-middle elementor-section-boxed elementor-section-height-default elementor-section-height-default\" data-id=\"208cbc7b\" data-element_type=\"section\" data-e-type=\"section\">\n\t\t\t\t\t\t<div class=\"elementor-container elementor-column-gap-default\">\n\t\t\t\t\t<div class=\"elementor-column elementor-col-50 elementor-inner-column elementor-element elementor-element-2bca9646\" data-id=\"2bca9646\" data-element_type=\"column\" data-e-type=\"column\">\n\t\t\t<div class=\"elementor-widget-wrap elementor-element-populated\">\n\t\t\t\t\t\t<div class=\"elementor-element elementor-element-5b9fa365 elementor-widget elementor-widget-text-editor\" data-id=\"5b9fa365\" data-element_type=\"widget\" data-e-type=\"widget\" data-widget_type=\"text-editor.default\">\n\t\t\t\t<div class=\"elementor-widget-container\">\n\t\t\t\t\t\t\t\t\t<p><b>YOUR FITNESS JOURNEY BEGINS NOW!<\/b><br \/><strong>DISCOVERY:<\/strong>\u00a04 trial sessions for $20+tx. You have nothing to lose.<\/p>\t\t\t\t\t\t\t\t<\/div>\n\t\t\t\t<\/div>\n\t\t\t\t\t<\/div>\n\t\t<\/div>\n\t\t\t\t<div class=\"elementor-column elementor-col-50 elementor-inner-column elementor-element elementor-element-645f070f\" data-id=\"645f070f\" data-element_type=\"column\" data-e-type=\"column\">\n\t\t\t<div class=\"elementor-widget-wrap elementor-element-populated\">\n\t\t\t\t\t\t<div class=\"elementor-element elementor-element-436575d9 elementor-align-center elementor-widget elementor-widget-button\" data-id=\"436575d9\" data-element_type=\"widget\" data-e-type=\"widget\" data-widget_type=\"button.default\">\n\t\t\t\t<div class=\"elementor-widget-container\">\n\t\t\t\t\t\t\t\t\t<div class=\"elementor-button-wrapper\">\n\t\t\t\t\t<a class=\"elementor-button elementor-button-link elementor-size-sm\" href=\"https:\/\/cfstjean.fliipapp.com\/\">\n\t\t\t\t\t\t<span class=\"elementor-button-content-wrapper\">\n\t\t\t\t\t\t\t\t\t<span class=\"elementor-button-text\">Book your\ntrial period<\/span>\n\t\t\t\t\t<\/span>\n\t\t\t\t\t<\/a>\n\t\t\t\t<\/div>\n\t\t\t\t\t\t\t\t<\/div>\n\t\t\t\t<\/div>\n\t\t\t\t\t<\/div>\n\t\t<\/div>\n\t\t\t\t\t<\/div>\n\t\t<\/section>\n\t\t\t\t\t<\/div>\n\t\t<\/div>\n\t\t\t\t\t<\/div>\n\t\t<\/section>\n\t\t\t\t<\/div>","protected":false},"excerpt":{"rendered":"<p>Horaire Hebdomadaire &#8211; CrossFit St-Jean Voir le d\u00e9tails des heures de cours sur Fliip. Note: Les changements d&#8217;horaire pour cong\u00e9 ou autre sont communiqu\u00e9s \u00e0 l&#8217;avance via les groupes des membres et la plateforme de r\u00e9servation. VOTRE REMISE EN FORME &hellip;<\/p>\n<p class=\"read-more\"> <a class=\"more-link\" href=\"https:\/\/www.crossfitstjean.com\/en\/horaire\/\"> <span class=\"screen-reader-text\">Schedule<\/span> Read More &raquo;<\/a><\/p>","protected":false},"author":1,"featured_media":0,"parent":0,"menu_order":0,"comment_status":"closed","ping_status":"closed","template":"elementor_header_footer","meta":{"nf_dc_page":"","footnotes":""},"class_list":["post-471","page","type-page","status-publish","hentry"],"yoast_head":"<!-- This site is optimized with the Yoast SEO plugin v27.4 - https:\/\/yoast.com\/product\/yoast-seo-wordpress\/ -->\n<title>Horaire | CrossFit St-Jean<\/title>\n<meta name=\"description\" content=\"Horaire hebdomadaire normal de CrossFit St-Jean. Changements possibles autour des p\u00e9riodes de cong\u00e9 et vacances.\" \/>\n<meta name=\"robots\" content=\"index, follow, max-snippet:-1, max-image-preview:large, max-video-preview:-1\" \/>\n<link rel=\"canonical\" href=\"https:\/\/www.crossfitstjean.com\/en\/horaire\/\" \/>\n<meta property=\"og:locale\" content=\"en_US\" \/>\n<meta property=\"og:type\" content=\"article\" \/>\n<meta property=\"og:title\" content=\"Horaire | CrossFit St-Jean\" \/>\n<meta property=\"og:description\" content=\"Horaire hebdomadaire normal de CrossFit St-Jean. Changements possibles autour des p\u00e9riodes de cong\u00e9 et vacances.\" \/>\n<meta property=\"og:url\" content=\"https:\/\/www.crossfitstjean.com\/en\/horaire\/\" \/>\n<meta property=\"og:site_name\" content=\"CrossFit St-Jean\" \/>\n<meta property=\"article:publisher\" content=\"https:\/\/www.facebook.com\/cfstjean\/\" \/>\n<meta property=\"article:modified_time\" content=\"2025-07-28T13:39:24+00:00\" \/>\n<meta property=\"og:image\" content=\"https:\/\/www.crossfitstjean.com\/wp-content\/uploads\/2023\/11\/Horaire-v5.jpg\" \/>\n<meta name=\"twitter:card\" content=\"summary_large_image\" \/>\n<meta name=\"twitter:label1\" content=\"Est. reading time\" \/>\n\t<meta name=\"twitter:data1\" content=\"1 minute\" \/>\n<script type=\"application\/ld+json\" class=\"yoast-schema-graph\">{\"@context\":\"https:\\\/\\\/schema.org\",\"@graph\":[{\"@type\":\"WebPage\",\"@id\":\"https:\\\/\\\/www.crossfitstjean.com\\\/horaire\\\/\",\"url\":\"https:\\\/\\\/www.crossfitstjean.com\\\/horaire\\\/\",\"name\":\"Horaire | CrossFit St-Jean\",\"isPartOf\":{\"@id\":\"https:\\\/\\\/www.crossfitstjean.com\\\/#website\"},\"primaryImageOfPage\":{\"@id\":\"https:\\\/\\\/www.crossfitstjean.com\\\/horaire\\\/#primaryimage\"},\"image\":{\"@id\":\"https:\\\/\\\/www.crossfitstjean.com\\\/horaire\\\/#primaryimage\"},\"thumbnailUrl\":\"https:\\\/\\\/www.crossfitstjean.com\\\/wp-content\\\/uploads\\\/2023\\\/11\\\/Horaire-v5.jpg\",\"datePublished\":\"2022-12-19T02:15:08+00:00\",\"dateModified\":\"2025-07-28T13:39:24+00:00\",\"description\":\"Horaire hebdomadaire normal de CrossFit St-Jean. Changements possibles autour des p\u00e9riodes de cong\u00e9 et vacances.\",\"breadcrumb\":{\"@id\":\"https:\\\/\\\/www.crossfitstjean.com\\\/horaire\\\/#breadcrumb\"},\"inLanguage\":\"en-CA\",\"potentialAction\":[{\"@type\":\"ReadAction\",\"target\":[\"https:\\\/\\\/www.crossfitstjean.com\\\/horaire\\\/\"]}]},{\"@type\":\"ImageObject\",\"inLanguage\":\"en-CA\",\"@id\":\"https:\\\/\\\/www.crossfitstjean.com\\\/horaire\\\/#primaryimage\",\"url\":\"https:\\\/\\\/www.crossfitstjean.com\\\/wp-content\\\/uploads\\\/2023\\\/11\\\/Horaire-v5.jpg\",\"contentUrl\":\"https:\\\/\\\/www.crossfitstjean.com\\\/wp-content\\\/uploads\\\/2023\\\/11\\\/Horaire-v5.jpg\"},{\"@type\":\"BreadcrumbList\",\"@id\":\"https:\\\/\\\/www.crossfitstjean.com\\\/horaire\\\/#breadcrumb\",\"itemListElement\":[{\"@type\":\"ListItem\",\"position\":1,\"name\":\"Home\",\"item\":\"https:\\\/\\\/www.crossfitstjean.com\\\/\"},{\"@type\":\"ListItem\",\"position\":2,\"name\":\"Horaire\"}]},{\"@type\":\"WebSite\",\"@id\":\"https:\\\/\\\/www.crossfitstjean.com\\\/#website\",\"url\":\"https:\\\/\\\/www.crossfitstjean.com\\\/\",\"name\":\"CrossFit St-Jean\",\"description\":\"\",\"publisher\":{\"@id\":\"https:\\\/\\\/www.crossfitstjean.com\\\/#organization\"},\"potentialAction\":[{\"@type\":\"SearchAction\",\"target\":{\"@type\":\"EntryPoint\",\"urlTemplate\":\"https:\\\/\\\/www.crossfitstjean.com\\\/?s={search_term_string}\"},\"query-input\":{\"@type\":\"PropertyValueSpecification\",\"valueRequired\":true,\"valueName\":\"search_term_string\"}}],\"inLanguage\":\"en-CA\"},{\"@type\":\"Organization\",\"@id\":\"https:\\\/\\\/www.crossfitstjean.com\\\/#organization\",\"name\":\"CrossFit St-Jean\",\"url\":\"https:\\\/\\\/www.crossfitstjean.com\\\/\",\"logo\":{\"@type\":\"ImageObject\",\"inLanguage\":\"en-CA\",\"@id\":\"https:\\\/\\\/www.crossfitstjean.com\\\/#\\\/schema\\\/logo\\\/image\\\/\",\"url\":\"https:\\\/\\\/i0.wp.com\\\/www.crossfitstjean.com\\\/wp-content\\\/uploads\\\/2022\\\/12\\\/Logo-CFSJ-Noir-Small-1.jpg?fit=116%2C38&ssl=1\",\"contentUrl\":\"https:\\\/\\\/i0.wp.com\\\/www.crossfitstjean.com\\\/wp-content\\\/uploads\\\/2022\\\/12\\\/Logo-CFSJ-Noir-Small-1.jpg?fit=116%2C38&ssl=1\",\"width\":116,\"height\":38,\"caption\":\"CrossFit St-Jean\"},\"image\":{\"@id\":\"https:\\\/\\\/www.crossfitstjean.com\\\/#\\\/schema\\\/logo\\\/image\\\/\"},\"sameAs\":[\"https:\\\/\\\/www.facebook.com\\\/cfstjean\\\/\",\"https:\\\/\\\/www.instagram.com\\\/crossfit_st_jean\\\/?hl=en\"]}]}<\/script>\n<!-- \/ Yoast SEO plugin. -->","yoast_head_json":{"title":"Horaire | CrossFit St-Jean","description":"Horaire hebdomadaire normal de CrossFit St-Jean. Changements possibles autour des p\u00e9riodes de cong\u00e9 et vacances.","robots":{"index":"index","follow":"follow","max-snippet":"max-snippet:-1","max-image-preview":"max-image-preview:large","max-video-preview":"max-video-preview:-1"},"canonical":"https:\/\/www.crossfitstjean.com\/en\/horaire\/","og_locale":"en_US","og_type":"article","og_title":"Horaire | CrossFit St-Jean","og_description":"Horaire hebdomadaire normal de CrossFit St-Jean. Changements possibles autour des p\u00e9riodes de cong\u00e9 et vacances.","og_url":"https:\/\/www.crossfitstjean.com\/en\/horaire\/","og_site_name":"CrossFit St-Jean","article_publisher":"https:\/\/www.facebook.com\/cfstjean\/","article_modified_time":"2025-07-28T13:39:24+00:00","og_image":[{"url":"https:\/\/www.crossfitstjean.com\/wp-content\/uploads\/2023\/11\/Horaire-v5.jpg","type":"","width":"","height":""}],"twitter_card":"summary_large_image","twitter_misc":{"Est. reading time":"1 minute"},"schema":{"@context":"https:\/\/schema.org","@graph":[{"@type":"WebPage","@id":"https:\/\/www.crossfitstjean.com\/horaire\/","url":"https:\/\/www.crossfitstjean.com\/horaire\/","name":"Horaire | CrossFit St-Jean","isPartOf":{"@id":"https:\/\/www.crossfitstjean.com\/#website"},"primaryImageOfPage":{"@id":"https:\/\/www.crossfitstjean.com\/horaire\/#primaryimage"},"image":{"@id":"https:\/\/www.crossfitstjean.com\/horaire\/#primaryimage"},"thumbnailUrl":"https:\/\/www.crossfitstjean.com\/wp-content\/uploads\/2023\/11\/Horaire-v5.jpg","datePublished":"2022-12-19T02:15:08+00:00","dateModified":"2025-07-28T13:39:24+00:00","description":"Horaire hebdomadaire normal de CrossFit St-Jean. Changements possibles autour des p\u00e9riodes de cong\u00e9 et vacances.","breadcrumb":{"@id":"https:\/\/www.crossfitstjean.com\/horaire\/#breadcrumb"},"inLanguage":"en-CA","potentialAction":[{"@type":"ReadAction","target":["https:\/\/www.crossfitstjean.com\/horaire\/"]}]},{"@type":"ImageObject","inLanguage":"en-CA","@id":"https:\/\/www.crossfitstjean.com\/horaire\/#primaryimage","url":"https:\/\/www.crossfitstjean.com\/wp-content\/uploads\/2023\/11\/Horaire-v5.jpg","contentUrl":"https:\/\/www.crossfitstjean.com\/wp-content\/uploads\/2023\/11\/Horaire-v5.jpg"},{"@type":"BreadcrumbList","@id":"https:\/\/www.crossfitstjean.com\/horaire\/#breadcrumb","itemListElement":[{"@type":"ListItem","position":1,"name":"Home","item":"https:\/\/www.crossfitstjean.com\/"},{"@type":"ListItem","position":2,"name":"Horaire"}]},{"@type":"WebSite","@id":"https:\/\/www.crossfitstjean.com\/#website","url":"https:\/\/www.crossfitstjean.com\/","name":"CrossFit St-Jean","description":"","publisher":{"@id":"https:\/\/www.crossfitstjean.com\/#organization"},"potentialAction":[{"@type":"SearchAction","target":{"@type":"EntryPoint","urlTemplate":"https:\/\/www.crossfitstjean.com\/?s={search_term_string}"},"query-input":{"@type":"PropertyValueSpecification","valueRequired":true,"valueName":"search_term_string"}}],"inLanguage":"en-CA"},{"@type":"Organization","@id":"https:\/\/www.crossfitstjean.com\/#organization","name":"CrossFit St-Jean","url":"https:\/\/www.crossfitstjean.com\/","logo":{"@type":"ImageObject","inLanguage":"en-CA","@id":"https:\/\/www.crossfitstjean.com\/#\/schema\/logo\/image\/","url":"https:\/\/i0.wp.com\/www.crossfitstjean.com\/wp-content\/uploads\/2022\/12\/Logo-CFSJ-Noir-Small-1.jpg?fit=116%2C38&ssl=1","contentUrl":"https:\/\/i0.wp.com\/www.crossfitstjean.com\/wp-content\/uploads\/2022\/12\/Logo-CFSJ-Noir-Small-1.jpg?fit=116%2C38&ssl=1","width":116,"height":38,"caption":"CrossFit St-Jean"},"image":{"@id":"https:\/\/www.crossfitstjean.com\/#\/schema\/logo\/image\/"},"sameAs":["https:\/\/www.facebook.com\/cfstjean\/","https:\/\/www.instagram.com\/crossfit_st_jean\/?hl=en"]}]}},"jetpack_sharing_enabled":true,"_links":{"self":[{"href":"https:\/\/www.crossfitstjean.com\/en\/wp-json\/wp\/v2\/pages\/471","targetHints":{"allow":["GET"]}}],"collection":[{"href":"https:\/\/www.crossfitstjean.com\/en\/wp-json\/wp\/v2\/pages"}],"about":[{"href":"https:\/\/www.crossfitstjean.com\/en\/wp-json\/wp\/v2\/types\/page"}],"author":[{"embeddable":true,"href":"https:\/\/www.crossfitstjean.com\/en\/wp-json\/wp\/v2\/users\/1"}],"replies":[{"embeddable":true,"href":"https:\/\/www.crossfitstjean.com\/en\/wp-json\/wp\/v2\/comments?post=471"}],"version-history":[{"count":8,"href":"https:\/\/www.crossfitstjean.com\/en\/wp-json\/wp\/v2\/pages\/471\/revisions"}],"predecessor-version":[{"id":672,"href":"https:\/\/www.crossfitstjean.com\/en\/wp-json\/wp\/v2\/pages\/471\/revisions\/672"}],"wp:attachment":[{"href":"https:\/\/www.crossfitstjean.com\/en\/wp-json\/wp\/v2\/media?parent=471"}],"curies":[{"name":"wp","href":"https:\/\/api.w.org\/{rel}","templated":true}]}}