{"id":7,"date":"2022-12-15T21:32:05","date_gmt":"2022-12-15T21:32:05","guid":{"rendered":"https:\/\/jcollindemers.com\/CrossFitStJean\/?page_id=7"},"modified":"2024-02-01T15:34:35","modified_gmt":"2024-02-01T15:34:35","slug":"contact","status":"publish","type":"page","link":"https:\/\/www.crossfitstjean.com\/en\/contact\/","title":{"rendered":"Contact"},"content":{"rendered":"<div data-elementor-type=\"wp-post\" data-elementor-id=\"7\" class=\"elementor elementor-7\">\n\t\t\t\t\t\t<section class=\"elementor-section elementor-top-section elementor-element elementor-element-3dd9ae09 elementor-section-full_width elementor-section-stretched elementor-section-content-middle elementor-section-height-default elementor-section-height-default\" data-id=\"3dd9ae09\" data-element_type=\"section\" data-e-type=\"section\" data-settings=\"{&quot;background_background&quot;:&quot;classic&quot;,&quot;stretch_section&quot;:&quot;section-stretched&quot;}\">\n\t\t\t\t\t\t<div class=\"elementor-container elementor-column-gap-no\">\n\t\t\t\t\t<div class=\"elementor-column elementor-col-100 elementor-top-column elementor-element elementor-element-2c4b2c0b\" data-id=\"2c4b2c0b\" data-element_type=\"column\" data-e-type=\"column\">\n\t\t\t<div class=\"elementor-widget-wrap elementor-element-populated\">\n\t\t\t\t\t\t<div class=\"elementor-element elementor-element-25667e58 elementor-widget elementor-widget-google_maps\" data-id=\"25667e58\" data-element_type=\"widget\" data-e-type=\"widget\" data-widget_type=\"google_maps.default\">\n\t\t\t\t<div class=\"elementor-widget-container\">\n\t\t\t\t\t\t\t<div class=\"elementor-custom-embed\">\n\t\t\t<iframe loading=\"lazy\"\n\t\t\t\t\tsrc=\"https:\/\/maps.google.com\/maps?q=353%20rue%20Adrien-Fontaine%2C%20Saint-Jean-sur-Richelieu%2C%20Qu%C3%A9bec%20J2X%205M5&#038;t=m&#038;z=13&#038;output=embed&#038;iwloc=near\"\n\t\t\t\t\ttitle=\"353 rue Adrien-Fontaine, Saint-Jean-sur-Richelieu, Qu\u00e9bec J2X 5M5\"\n\t\t\t\t\taria-label=\"353 rue Adrien-Fontaine, Saint-Jean-sur-Richelieu, Qu\u00e9bec J2X 5M5\"\n\t\t\t><\/iframe>\n\t\t<\/div>\n\t\t\t\t\t\t<\/div>\n\t\t\t\t<\/div>\n\t\t\t\t<section class=\"elementor-section elementor-inner-section elementor-element elementor-element-3401d2f7 elementor-section-content-top elementor-section-boxed elementor-section-height-default elementor-section-height-default\" data-id=\"3401d2f7\" data-element_type=\"section\" data-e-type=\"section\">\n\t\t\t\t\t\t<div class=\"elementor-container elementor-column-gap-no\">\n\t\t\t\t\t<div class=\"elementor-column elementor-col-33 elementor-inner-column elementor-element elementor-element-5bc8ad67\" data-id=\"5bc8ad67\" data-element_type=\"column\" data-e-type=\"column\">\n\t\t\t<div class=\"elementor-widget-wrap elementor-element-populated\">\n\t\t\t\t\t\t<div class=\"elementor-element elementor-element-f3c01a8 elementor-widget elementor-widget-heading\" data-id=\"f3c01a8\" data-element_type=\"widget\" data-e-type=\"widget\" data-widget_type=\"heading.default\">\n\t\t\t\t<div class=\"elementor-widget-container\">\n\t\t\t\t\t<h6 class=\"elementor-heading-title elementor-size-default\">Address<\/h6>\t\t\t\t<\/div>\n\t\t\t\t<\/div>\n\t\t\t\t<div class=\"elementor-element elementor-element-8b6a65c elementor-widget elementor-widget-text-editor\" data-id=\"8b6a65c\" data-element_type=\"widget\" data-e-type=\"widget\" data-widget_type=\"text-editor.default\">\n\t\t\t\t<div class=\"elementor-widget-container\">\n\t\t\t\t\t\t\t\t\t<p>353 rue Adrien-Fontaine,<br \/>Saint-Jean-sur-Richelieu,<br \/>Qu\u00e9bec<br \/>J2X 5M5<\/p>\t\t\t\t\t\t\t\t<\/div>\n\t\t\t\t<\/div>\n\t\t\t\t\t<\/div>\n\t\t<\/div>\n\t\t\t\t<div class=\"elementor-column elementor-col-33 elementor-inner-column elementor-element elementor-element-53082e67\" data-id=\"53082e67\" data-element_type=\"column\" data-e-type=\"column\">\n\t\t\t<div class=\"elementor-widget-wrap elementor-element-populated\">\n\t\t\t\t\t\t<div class=\"elementor-element elementor-element-6885b6f elementor-widget elementor-widget-heading\" data-id=\"6885b6f\" data-element_type=\"widget\" data-e-type=\"widget\" data-widget_type=\"heading.default\">\n\t\t\t\t<div class=\"elementor-widget-container\">\n\t\t\t\t\t<h6 class=\"elementor-heading-title elementor-size-default\">Opening Hours<\/h6>\t\t\t\t<\/div>\n\t\t\t\t<\/div>\n\t\t\t\t<div class=\"elementor-element elementor-element-79a0340f elementor-widget elementor-widget-text-editor\" data-id=\"79a0340f\" data-element_type=\"widget\" data-e-type=\"widget\" data-widget_type=\"text-editor.default\">\n\t\t\t\t<div class=\"elementor-widget-container\">\n\t\t\t\t\t\t\t\t\t<p>Monday - Thursday: 6am - 9pm<br \/>Friday: 6am - 6pm<br \/>Saturday: 8:30am - 1pm<br \/>Sunday: 9am - 12pm<\/p>\t\t\t\t\t\t\t\t<\/div>\n\t\t\t\t<\/div>\n\t\t\t\t\t<\/div>\n\t\t<\/div>\n\t\t\t\t<div class=\"elementor-column elementor-col-33 elementor-inner-column elementor-element elementor-element-6f0a05f5\" data-id=\"6f0a05f5\" data-element_type=\"column\" data-e-type=\"column\">\n\t\t\t<div class=\"elementor-widget-wrap elementor-element-populated\">\n\t\t\t\t\t\t<div class=\"elementor-element elementor-element-11e58441 elementor-widget elementor-widget-heading\" data-id=\"11e58441\" data-element_type=\"widget\" data-e-type=\"widget\" data-widget_type=\"heading.default\">\n\t\t\t\t<div class=\"elementor-widget-container\">\n\t\t\t\t\t<h6 class=\"elementor-heading-title elementor-size-default\">Contact Information<\/h6>\t\t\t\t<\/div>\n\t\t\t\t<\/div>\n\t\t\t\t<div class=\"elementor-element elementor-element-00ab6df elementor-shape-rounded elementor-grid-0 e-grid-align-center elementor-widget elementor-widget-social-icons\" data-id=\"00ab6df\" data-element_type=\"widget\" data-e-type=\"widget\" data-widget_type=\"social-icons.default\">\n\t\t\t\t<div class=\"elementor-widget-container\">\n\t\t\t\t\t\t\t<div class=\"elementor-social-icons-wrapper elementor-grid\" role=\"list\">\n\t\t\t\t\t\t\t<span class=\"elementor-grid-item\" role=\"listitem\">\n\t\t\t\t\t<a class=\"elementor-icon elementor-social-icon elementor-social-icon-facebook elementor-animation-shrink elementor-repeater-item-6a7ed5d\" href=\"https:\/\/www.facebook.com\/cfstjean\/\" target=\"_blank\">\n\t\t\t\t\t\t<span class=\"elementor-screen-only\">Facebook<\/span>\n\t\t\t\t\t\t<i aria-hidden=\"true\" class=\"fab fa-facebook\"><\/i>\t\t\t\t\t<\/a>\n\t\t\t\t<\/span>\n\t\t\t\t\t\t\t<span class=\"elementor-grid-item\" role=\"listitem\">\n\t\t\t\t\t<a class=\"elementor-icon elementor-social-icon elementor-social-icon-instagram elementor-animation-shrink elementor-repeater-item-e2ba751\" href=\"https:\/\/www.instagram.com\/crossfit_st_jean\/?hl=en\" target=\"_blank\">\n\t\t\t\t\t\t<span class=\"elementor-screen-only\">Instagram<\/span>\n\t\t\t\t\t\t<i aria-hidden=\"true\" class=\"fab fa-instagram\"><\/i>\t\t\t\t\t<\/a>\n\t\t\t\t<\/span>\n\t\t\t\t\t\t\t<span class=\"elementor-grid-item\" role=\"listitem\">\n\t\t\t\t\t<a class=\"elementor-icon elementor-social-icon elementor-social-icon-envelope elementor-animation-shrink elementor-repeater-item-d7139cc\" href=\"http:\/\/info@cfstjean.com\" target=\"_blank\">\n\t\t\t\t\t\t<span class=\"elementor-screen-only\">Envelope<\/span>\n\t\t\t\t\t\t<i aria-hidden=\"true\" class=\"fas fa-envelope\"><\/i>\t\t\t\t\t<\/a>\n\t\t\t\t<\/span>\n\t\t\t\t\t<\/div>\n\t\t\t\t\t\t<\/div>\n\t\t\t\t<\/div>\n\t\t\t\t<div class=\"elementor-element elementor-element-eca2a72 elementor-widget elementor-widget-heading\" data-id=\"eca2a72\" data-element_type=\"widget\" data-e-type=\"widget\" data-widget_type=\"heading.default\">\n\t\t\t\t<div class=\"elementor-widget-container\">\n\t\t\t\t\t<span class=\"elementor-heading-title elementor-size-default\">T\u00e9l\u00e9phone: (450) 741-3888<\/span>\t\t\t\t<\/div>\n\t\t\t\t<\/div>\n\t\t\t\t\t<\/div>\n\t\t<\/div>\n\t\t\t\t\t<\/div>\n\t\t<\/section>\n\t\t\t\t\t<\/div>\n\t\t<\/div>\n\t\t\t\t\t<\/div>\n\t\t<\/section>\n\t\t\t\t<\/div>","protected":false},"excerpt":{"rendered":"<p>Adresse 353 rue Adrien-Fontaine,Saint-Jean-sur-Richelieu,Qu\u00e9becJ2X 5M5 Heures d&#8217;ouverture Lundi &#8211; Jeudi: 6h &#8211; 21hVendredi: 6h &#8211; 18hSamedi: 8h30 &#8211; 13hDimanche: 9h &#8211; 12h Coordonn\u00e9es Facebook Instagram Envelope T\u00e9l\u00e9phone: (450) 741-3888<\/p>","protected":false},"author":1,"featured_media":0,"parent":0,"menu_order":0,"comment_status":"closed","ping_status":"closed","template":"elementor_header_footer","meta":{"nf_dc_page":"","footnotes":""},"class_list":["post-7","page","type-page","status-publish","hentry"],"yoast_head":"<!-- This site is optimized with the Yoast SEO plugin v27.4 - https:\/\/yoast.com\/product\/yoast-seo-wordpress\/ -->\n<title>Contact | CrossFit St-Jean<\/title>\n<meta name=\"description\" content=\"N&#039;h\u00e9sitez pas \u00e0 nous rejoindre pour discuter comment nous pouvons vous aider dans l&#039;atteinte de vos objectifs.\" \/>\n<meta name=\"robots\" content=\"index, follow, max-snippet:-1, max-image-preview:large, max-video-preview:-1\" \/>\n<link rel=\"canonical\" href=\"https:\/\/www.crossfitstjean.com\/en\/contact\/\" \/>\n<meta property=\"og:locale\" content=\"en_US\" \/>\n<meta property=\"og:type\" content=\"article\" \/>\n<meta property=\"og:title\" content=\"Contact | CrossFit St-Jean\" \/>\n<meta property=\"og:description\" content=\"N&#039;h\u00e9sitez pas \u00e0 nous rejoindre pour discuter comment nous pouvons vous aider dans l&#039;atteinte de vos objectifs.\" \/>\n<meta property=\"og:url\" content=\"https:\/\/www.crossfitstjean.com\/en\/contact\/\" \/>\n<meta property=\"og:site_name\" content=\"CrossFit St-Jean\" \/>\n<meta property=\"article:publisher\" content=\"https:\/\/www.facebook.com\/cfstjean\/\" \/>\n<meta property=\"article:modified_time\" content=\"2024-02-01T15:34:35+00:00\" \/>\n<meta name=\"twitter:card\" content=\"summary_large_image\" \/>\n<meta name=\"twitter:label1\" content=\"Est. reading time\" \/>\n\t<meta name=\"twitter:data1\" content=\"1 minute\" \/>\n<script type=\"application\/ld+json\" class=\"yoast-schema-graph\">{\"@context\":\"https:\\\/\\\/schema.org\",\"@graph\":[{\"@type\":\"WebPage\",\"@id\":\"https:\\\/\\\/www.crossfitstjean.com\\\/contact\\\/\",\"url\":\"https:\\\/\\\/www.crossfitstjean.com\\\/contact\\\/\",\"name\":\"Contact | CrossFit St-Jean\",\"isPartOf\":{\"@id\":\"https:\\\/\\\/www.crossfitstjean.com\\\/#website\"},\"datePublished\":\"2022-12-15T21:32:05+00:00\",\"dateModified\":\"2024-02-01T15:34:35+00:00\",\"description\":\"N'h\u00e9sitez pas \u00e0 nous rejoindre pour discuter comment nous pouvons vous aider dans l'atteinte de vos objectifs.\",\"breadcrumb\":{\"@id\":\"https:\\\/\\\/www.crossfitstjean.com\\\/contact\\\/#breadcrumb\"},\"inLanguage\":\"en-CA\",\"potentialAction\":[{\"@type\":\"ReadAction\",\"target\":[\"https:\\\/\\\/www.crossfitstjean.com\\\/contact\\\/\"]}]},{\"@type\":\"BreadcrumbList\",\"@id\":\"https:\\\/\\\/www.crossfitstjean.com\\\/contact\\\/#breadcrumb\",\"itemListElement\":[{\"@type\":\"ListItem\",\"position\":1,\"name\":\"Home\",\"item\":\"https:\\\/\\\/www.crossfitstjean.com\\\/\"},{\"@type\":\"ListItem\",\"position\":2,\"name\":\"Contact\"}]},{\"@type\":\"WebSite\",\"@id\":\"https:\\\/\\\/www.crossfitstjean.com\\\/#website\",\"url\":\"https:\\\/\\\/www.crossfitstjean.com\\\/\",\"name\":\"CrossFit St-Jean\",\"description\":\"\",\"publisher\":{\"@id\":\"https:\\\/\\\/www.crossfitstjean.com\\\/#organization\"},\"potentialAction\":[{\"@type\":\"SearchAction\",\"target\":{\"@type\":\"EntryPoint\",\"urlTemplate\":\"https:\\\/\\\/www.crossfitstjean.com\\\/?s={search_term_string}\"},\"query-input\":{\"@type\":\"PropertyValueSpecification\",\"valueRequired\":true,\"valueName\":\"search_term_string\"}}],\"inLanguage\":\"en-CA\"},{\"@type\":\"Organization\",\"@id\":\"https:\\\/\\\/www.crossfitstjean.com\\\/#organization\",\"name\":\"CrossFit St-Jean\",\"url\":\"https:\\\/\\\/www.crossfitstjean.com\\\/\",\"logo\":{\"@type\":\"ImageObject\",\"inLanguage\":\"en-CA\",\"@id\":\"https:\\\/\\\/www.crossfitstjean.com\\\/#\\\/schema\\\/logo\\\/image\\\/\",\"url\":\"https:\\\/\\\/i0.wp.com\\\/www.crossfitstjean.com\\\/wp-content\\\/uploads\\\/2022\\\/12\\\/Logo-CFSJ-Noir-Small-1.jpg?fit=116%2C38&ssl=1\",\"contentUrl\":\"https:\\\/\\\/i0.wp.com\\\/www.crossfitstjean.com\\\/wp-content\\\/uploads\\\/2022\\\/12\\\/Logo-CFSJ-Noir-Small-1.jpg?fit=116%2C38&ssl=1\",\"width\":116,\"height\":38,\"caption\":\"CrossFit St-Jean\"},\"image\":{\"@id\":\"https:\\\/\\\/www.crossfitstjean.com\\\/#\\\/schema\\\/logo\\\/image\\\/\"},\"sameAs\":[\"https:\\\/\\\/www.facebook.com\\\/cfstjean\\\/\",\"https:\\\/\\\/www.instagram.com\\\/crossfit_st_jean\\\/?hl=en\"]}]}<\/script>\n<!-- \/ Yoast SEO plugin. -->","yoast_head_json":{"title":"Contact | CrossFit St-Jean","description":"N'h\u00e9sitez pas \u00e0 nous rejoindre pour discuter comment nous pouvons vous aider dans l'atteinte de vos objectifs.","robots":{"index":"index","follow":"follow","max-snippet":"max-snippet:-1","max-image-preview":"max-image-preview:large","max-video-preview":"max-video-preview:-1"},"canonical":"https:\/\/www.crossfitstjean.com\/en\/contact\/","og_locale":"en_US","og_type":"article","og_title":"Contact | CrossFit St-Jean","og_description":"N'h\u00e9sitez pas \u00e0 nous rejoindre pour discuter comment nous pouvons vous aider dans l'atteinte de vos objectifs.","og_url":"https:\/\/www.crossfitstjean.com\/en\/contact\/","og_site_name":"CrossFit St-Jean","article_publisher":"https:\/\/www.facebook.com\/cfstjean\/","article_modified_time":"2024-02-01T15:34:35+00:00","twitter_card":"summary_large_image","twitter_misc":{"Est. reading time":"1 minute"},"schema":{"@context":"https:\/\/schema.org","@graph":[{"@type":"WebPage","@id":"https:\/\/www.crossfitstjean.com\/contact\/","url":"https:\/\/www.crossfitstjean.com\/contact\/","name":"Contact | CrossFit St-Jean","isPartOf":{"@id":"https:\/\/www.crossfitstjean.com\/#website"},"datePublished":"2022-12-15T21:32:05+00:00","dateModified":"2024-02-01T15:34:35+00:00","description":"N'h\u00e9sitez pas \u00e0 nous rejoindre pour discuter comment nous pouvons vous aider dans l'atteinte de vos objectifs.","breadcrumb":{"@id":"https:\/\/www.crossfitstjean.com\/contact\/#breadcrumb"},"inLanguage":"en-CA","potentialAction":[{"@type":"ReadAction","target":["https:\/\/www.crossfitstjean.com\/contact\/"]}]},{"@type":"BreadcrumbList","@id":"https:\/\/www.crossfitstjean.com\/contact\/#breadcrumb","itemListElement":[{"@type":"ListItem","position":1,"name":"Home","item":"https:\/\/www.crossfitstjean.com\/"},{"@type":"ListItem","position":2,"name":"Contact"}]},{"@type":"WebSite","@id":"https:\/\/www.crossfitstjean.com\/#website","url":"https:\/\/www.crossfitstjean.com\/","name":"CrossFit St-Jean","description":"","publisher":{"@id":"https:\/\/www.crossfitstjean.com\/#organization"},"potentialAction":[{"@type":"SearchAction","target":{"@type":"EntryPoint","urlTemplate":"https:\/\/www.crossfitstjean.com\/?s={search_term_string}"},"query-input":{"@type":"PropertyValueSpecification","valueRequired":true,"valueName":"search_term_string"}}],"inLanguage":"en-CA"},{"@type":"Organization","@id":"https:\/\/www.crossfitstjean.com\/#organization","name":"CrossFit St-Jean","url":"https:\/\/www.crossfitstjean.com\/","logo":{"@type":"ImageObject","inLanguage":"en-CA","@id":"https:\/\/www.crossfitstjean.com\/#\/schema\/logo\/image\/","url":"https:\/\/i0.wp.com\/www.crossfitstjean.com\/wp-content\/uploads\/2022\/12\/Logo-CFSJ-Noir-Small-1.jpg?fit=116%2C38&ssl=1","contentUrl":"https:\/\/i0.wp.com\/www.crossfitstjean.com\/wp-content\/uploads\/2022\/12\/Logo-CFSJ-Noir-Small-1.jpg?fit=116%2C38&ssl=1","width":116,"height":38,"caption":"CrossFit St-Jean"},"image":{"@id":"https:\/\/www.crossfitstjean.com\/#\/schema\/logo\/image\/"},"sameAs":["https:\/\/www.facebook.com\/cfstjean\/","https:\/\/www.instagram.com\/crossfit_st_jean\/?hl=en"]}]}},"jetpack_sharing_enabled":true,"_links":{"self":[{"href":"https:\/\/www.crossfitstjean.com\/en\/wp-json\/wp\/v2\/pages\/7","targetHints":{"allow":["GET"]}}],"collection":[{"href":"https:\/\/www.crossfitstjean.com\/en\/wp-json\/wp\/v2\/pages"}],"about":[{"href":"https:\/\/www.crossfitstjean.com\/en\/wp-json\/wp\/v2\/types\/page"}],"author":[{"embeddable":true,"href":"https:\/\/www.crossfitstjean.com\/en\/wp-json\/wp\/v2\/users\/1"}],"replies":[{"embeddable":true,"href":"https:\/\/www.crossfitstjean.com\/en\/wp-json\/wp\/v2\/comments?post=7"}],"version-history":[{"count":5,"href":"https:\/\/www.crossfitstjean.com\/en\/wp-json\/wp\/v2\/pages\/7\/revisions"}],"predecessor-version":[{"id":640,"href":"https:\/\/www.crossfitstjean.com\/en\/wp-json\/wp\/v2\/pages\/7\/revisions\/640"}],"wp:attachment":[{"href":"https:\/\/www.crossfitstjean.com\/en\/wp-json\/wp\/v2\/media?parent=7"}],"curies":[{"name":"wp","href":"https:\/\/api.w.org\/{rel}","templated":true}]}}